{"id":14,"date":"2020-04-17T16:55:52","date_gmt":"2020-04-17T13:55:52","guid":{"rendered":"https:\/\/www.villakore.com.tr\/?page_id=14"},"modified":"2021-05-19T23:57:41","modified_gmt":"2021-05-19T20:57:41","slug":"beach-pools","status":"publish","type":"page","link":"https:\/\/www.villakore.com.tr\/tr\/beach-pools\/","title":{"rendered":"Plaj &#038; Havuzlar"},"content":{"rendered":"<p><\/p>\n<p>[vc_row][vc_column]<style type=\"text\/css\" data-type=\"the7_shortcodes-inline-css\">.gallery-carousel-shortcode.gallery-carousel-shortcode-id-8217af29436e4b5e1dc0552794ee0b5b .owl-nav a {\n  width: 60px;\n  height: 60px;\n  border-radius: 0px;\n}\n.dt-arrow-border-on.gallery-carousel-shortcode.gallery-carousel-shortcode-id-8217af29436e4b5e1dc0552794ee0b5b .owl-nav a:not(:hover):before {\n  border-width: 0px;\n}\n.dt-arrow-hover-border-on.gallery-carousel-shortcode.gallery-carousel-shortcode-id-8217af29436e4b5e1dc0552794ee0b5b .owl-nav a:hover:after {\n  border-width: 0px;\n}\n.arrows-bg-on.gallery-carousel-shortcode.gallery-carousel-shortcode-id-8217af29436e4b5e1dc0552794ee0b5b .owl-nav a:before {\n  background: #ffffff;\n  box-shadow: none;\n}\n.arrows-hover-bg-on.gallery-carousel-shortcode.gallery-carousel-shortcode-id-8217af29436e4b5e1dc0552794ee0b5b .owl-nav a:after {\n  background: #ffffff;\n  box-shadow: none;\n}\n.gallery-carousel-shortcode.gallery-carousel-shortcode-id-8217af29436e4b5e1dc0552794ee0b5b .owl-nav a.owl-prev {\n  top: 50%;\n  transform: translateY(calc(-50% + 0px));\n  left: 50px;\n}\n@media all and (-ms-high-contrast: none) {\n  .gallery-carousel-shortcode.gallery-carousel-shortcode-id-8217af29436e4b5e1dc0552794ee0b5b .owl-nav a.owl-prev {\n    transform: translateY(-50%);\n    margin-top: 0px;\n  }\n}\n.gallery-carousel-shortcode.gallery-carousel-shortcode-id-8217af29436e4b5e1dc0552794ee0b5b .owl-nav a.owl-prev i {\n  padding: 0px 0px 0px 0px;\n}\n.gallery-carousel-shortcode.gallery-carousel-shortcode-id-8217af29436e4b5e1dc0552794ee0b5b .owl-nav a.owl-next {\n  top: 50%;\n  transform: translateY(calc(-50% + 0px));\n  right: 50px;\n}\n@media all and (-ms-high-contrast: none) {\n  .gallery-carousel-shortcode.gallery-carousel-shortcode-id-8217af29436e4b5e1dc0552794ee0b5b .owl-nav a.owl-next {\n    transform: translateY(-50%);\n    margin-top: 0px;\n  }\n}\n.gallery-carousel-shortcode.gallery-carousel-shortcode-id-8217af29436e4b5e1dc0552794ee0b5b .owl-nav a.owl-next i {\n  padding: 0px 0px 0px 0px;\n}\n.gallery-carousel-shortcode.gallery-carousel-shortcode-id-8217af29436e4b5e1dc0552794ee0b5b .owl-nav i {\n  font-size: 40px;\n}\n.gallery-carousel-shortcode.gallery-carousel-shortcode-id-8217af29436e4b5e1dc0552794ee0b5b .owl-nav a:not(:hover) i,\n.gallery-carousel-shortcode.gallery-carousel-shortcode-id-8217af29436e4b5e1dc0552794ee0b5b .owl-nav a:not(:hover) i:before {\n  color: #ffb922;\n  background: none;\n}\n.gallery-carousel-shortcode.gallery-carousel-shortcode-id-8217af29436e4b5e1dc0552794ee0b5b .owl-nav a:hover i,\n.gallery-carousel-shortcode.gallery-carousel-shortcode-id-8217af29436e4b5e1dc0552794ee0b5b .owl-nav a:hover i:before {\n  color: #ffb922;\n  background: none;\n}\n.gallery-carousel-shortcode.gallery-carousel-shortcode-id-8217af29436e4b5e1dc0552794ee0b5b .owl-dots {\n  top: calc(100% + 20px);\n  left: 50%;\n  transform: translateX(calc(-50% + 0px));\n}\n@media all and (-ms-high-contrast: none) {\n  .gallery-carousel-shortcode.gallery-carousel-shortcode-id-8217af29436e4b5e1dc0552794ee0b5b .owl-dots {\n    transform: translateX(-50%);\n    margin-left: 0px;\n  }\n}\n.gallery-carousel-shortcode.gallery-carousel-shortcode-id-8217af29436e4b5e1dc0552794ee0b5b .owl-dot {\n  width: 10px;\n  height: 10px;\n  margin: 0 8px;\n}\n@media screen and (max-width: 778px) {\n  .gallery-carousel-shortcode.gallery-carousel-shortcode-id-8217af29436e4b5e1dc0552794ee0b5b.hide-arrows .owl-nav a {\n    display: none;\n  }\n}\n@media screen and (max-width: 778px) {\n  .gallery-carousel-shortcode.gallery-carousel-shortcode-id-8217af29436e4b5e1dc0552794ee0b5b.reposition-arrows .owl-nav .owl-prev {\n    top: 50%;\n    transform: translateY(calc(-50% + 0px));\n    left: 10px;\n  }\n  .gallery-carousel-shortcode.gallery-carousel-shortcode-id-8217af29436e4b5e1dc0552794ee0b5b.reposition-arrows .owl-nav .owl-next {\n    top: 50%;\n    transform: translateY(calc(-50% + 0px));\n    right: 10px;\n  }\n}\n@media screen and (max-width: 778px) and all and (-ms-high-contrast: none) {\n  .gallery-carousel-shortcode.gallery-carousel-shortcode-id-8217af29436e4b5e1dc0552794ee0b5b.reposition-arrows .owl-nav .owl-prev {\n    transform: translateY(-50%);\n    margin-top: 0px;\n  }\n}\n@media screen and (max-width: 778px) and all and (-ms-high-contrast: none) {\n  .gallery-carousel-shortcode.gallery-carousel-shortcode-id-8217af29436e4b5e1dc0552794ee0b5b.reposition-arrows .owl-nav .owl-next {\n    transform: translateY(-50%);\n    margin-top: 0px;\n  }\n}\n.gallery-carousel-shortcode.gallery-carousel-shortcode-id-8217af29436e4b5e1dc0552794ee0b5b figure,\n.gallery-carousel-shortcode.gallery-carousel-shortcode-id-8217af29436e4b5e1dc0552794ee0b5b .rollover,\n.gallery-carousel-shortcode.gallery-carousel-shortcode-id-8217af29436e4b5e1dc0552794ee0b5b img,\n.gallery-carousel-shortcode.gallery-carousel-shortcode-id-8217af29436e4b5e1dc0552794ee0b5b .gallery-rollover {\n  border-radius: 0px;\n}\n.gallery-carousel-shortcode.gallery-carousel-shortcode-id-8217af29436e4b5e1dc0552794ee0b5b.enable-bg-rollover .gallery-rollover {\n  background: ;\n  background: -webkit-linear-gradient();\n  background: linear-gradient();\n}\n.gallery-carousel-shortcode.gallery-carousel-shortcode-id-8217af29436e4b5e1dc0552794ee0b5b.enable-img-shadow figure {\n  box-shadow: ;\n}\n.gallery-carousel-shortcode.gallery-carousel-shortcode-id-8217af29436e4b5e1dc0552794ee0b5b.enable-img-shadow .owl-stage-outer {\n  padding: 14px 0;\n}\n.gallery-carousel-shortcode.gallery-carousel-shortcode-id-8217af29436e4b5e1dc0552794ee0b5b.enable-bg-rollover.hover-scale figure .rollover:after {\n  background: ;\n  background: -webkit-linear-gradient();\n  background: linear-gradient();\n}\n.gallery-carousel-shortcode.gallery-carousel-shortcode-id-8217af29436e4b5e1dc0552794ee0b5b.gallery-shortcode .gallery-zoom-ico {\n  width: 44px;\n  height: 44px;\n  line-height: 44px;\n  border-radius: 100px;\n  margin: -22px 0 0 -22px;\n  border-width: 0px;\n}\n.dt-icon-bg-on.gallery-carousel-shortcode.gallery-carousel-shortcode-id-8217af29436e4b5e1dc0552794ee0b5b.gallery-shortcode .gallery-zoom-ico {\n  background: rgba(255,255,255,0.3);\n  box-shadow: none;\n}\n.gallery-carousel-shortcode.gallery-carousel-shortcode-id-8217af29436e4b5e1dc0552794ee0b5b.gallery-shortcode .gallery-zoom-ico:before,\n.gallery-carousel-shortcode.gallery-carousel-shortcode-id-8217af29436e4b5e1dc0552794ee0b5b.gallery-shortcode .gallery-zoom-ico span {\n  font-size: 32px;\n  line-height: 44px;\n  color: #ffffff;\n  background: none;\n}\n<\/style><div class=\"owl-carousel gallery-carousel-shortcode gallery-shortcode  dt-gallery-container dt-owl-carousel-call gallery-carousel-shortcode-id-8217af29436e4b5e1dc0552794ee0b5b meta-info-off bullets-small-dot-stroke reposition-arrows dt-icon-bg-off arrows-bg-on disable-arrows-hover-bg arrows-hover-bg-on  hover-fade \" data-scroll-mode=\"1\" data-col-num=\"1\" data-wide-col-num=\"1\" data-laptop-col=\"1\" data-h-tablet-columns-num=\"1\" data-v-tablet-columns-num=\"1\" data-phone-columns-num=\"1\" data-col-gap=\"10\" data-stage-padding=\"0\" data-speed=\"600\" data-autoplay=\"false\" data-autoplay_speed=\"6000\" data-arrows=\"true\" data-bullet=\"false\" data-next-icon=\"fas fa-chevron-right\" data-prev-icon=\"fas fa-chevron-left\" data-img-shadow-size=\"12px\" data-img-shadow-spread=\"3px\"><div data-post-id=\"797\" data-date=\"2020-05-21T14:27:54+00:00\" data-name=\"villa_kore_1975_dis_alan_00\"><figure class=\"post\"><a href=\"https:\/\/www.villakore.com.tr\/wp-content\/uploads\/villa_kore_1975_dis_alan_00.jpg\" class=\"rollover dt-pswp-item layzr-bg\" data-large_image_width=\"1800\" data-large_image_height=\"1200\" data-dt-img-description=\"\" title=\"villa_kore_1975_dis_alan_00\"><img class=\"preload-me owl-lazy-load\" src=\"data:image\/svg+xml,%3Csvg%20xmlns%3D&#39;http%3A%2F%2Fwww.w3.org%2F2000%2Fsvg&#39;%20viewBox%3D&#39;0%200%201800%201200&#39;%2F%3E\" data-src=\"https:\/\/www.villakore.com.tr\/wp-content\/uploads\/villa_kore_1975_dis_alan_00.jpg\" data-srcset=\"https:\/\/www.villakore.com.tr\/wp-content\/uploads\/villa_kore_1975_dis_alan_00.jpg 1800w\" alt=\"\" width=\"1800\" height=\"1200\"  \/><span class=\"gallery-rollover\"><\/span><\/a><\/figure><\/div><div data-post-id=\"798\" data-date=\"2020-05-21T14:27:56+00:00\" data-name=\"villa_kore_1975_dis_alan_03\"><figure class=\"post\"><a href=\"https:\/\/www.villakore.com.tr\/wp-content\/uploads\/villa_kore_1975_dis_alan_03.jpg\" class=\"rollover dt-pswp-item layzr-bg\" data-large_image_width=\"1799\" data-large_image_height=\"1200\" data-dt-img-description=\"\" title=\"villa_kore_1975_dis_alan_03\"><img class=\"preload-me owl-lazy-load\" src=\"data:image\/svg+xml,%3Csvg%20xmlns%3D&#39;http%3A%2F%2Fwww.w3.org%2F2000%2Fsvg&#39;%20viewBox%3D&#39;0%200%201799%201200&#39;%2F%3E\" data-src=\"https:\/\/www.villakore.com.tr\/wp-content\/uploads\/villa_kore_1975_dis_alan_03.jpg\" data-srcset=\"https:\/\/www.villakore.com.tr\/wp-content\/uploads\/villa_kore_1975_dis_alan_03.jpg 1799w\" alt=\"\" width=\"1799\" height=\"1200\"  \/><span class=\"gallery-rollover\"><\/span><\/a><\/figure><\/div><div data-post-id=\"799\" data-date=\"2020-05-21T14:28:00+00:00\" data-name=\"villa_kore_1975_dis_alan_08\"><figure class=\"post\"><a href=\"https:\/\/www.villakore.com.tr\/wp-content\/uploads\/villa_kore_1975_dis_alan_08.jpg\" class=\"rollover dt-pswp-item layzr-bg\" data-large_image_width=\"1799\" data-large_image_height=\"1200\" data-dt-img-description=\"\" title=\"villa_kore_1975_dis_alan_08\"><img class=\"preload-me owl-lazy-load\" src=\"data:image\/svg+xml,%3Csvg%20xmlns%3D&#39;http%3A%2F%2Fwww.w3.org%2F2000%2Fsvg&#39;%20viewBox%3D&#39;0%200%201799%201200&#39;%2F%3E\" data-src=\"https:\/\/www.villakore.com.tr\/wp-content\/uploads\/villa_kore_1975_dis_alan_08.jpg\" data-srcset=\"https:\/\/www.villakore.com.tr\/wp-content\/uploads\/villa_kore_1975_dis_alan_08.jpg 1799w\" alt=\"\" width=\"1799\" height=\"1200\"  \/><span class=\"gallery-rollover\"><\/span><\/a><\/figure><\/div><div data-post-id=\"800\" data-date=\"2020-05-21T14:28:03+00:00\" data-name=\"villa_kore_1975_dis_alan_29\"><figure class=\"post\"><a href=\"https:\/\/www.villakore.com.tr\/wp-content\/uploads\/villa_kore_1975_dis_alan_29.jpg\" class=\"rollover dt-pswp-item layzr-bg\" data-large_image_width=\"1800\" data-large_image_height=\"1200\" data-dt-img-description=\"\" title=\"villa_kore_1975_dis_alan_29\"><img class=\"preload-me owl-lazy-load\" src=\"data:image\/svg+xml,%3Csvg%20xmlns%3D&#39;http%3A%2F%2Fwww.w3.org%2F2000%2Fsvg&#39;%20viewBox%3D&#39;0%200%201800%201200&#39;%2F%3E\" data-src=\"https:\/\/www.villakore.com.tr\/wp-content\/uploads\/villa_kore_1975_dis_alan_29.jpg\" data-srcset=\"https:\/\/www.villakore.com.tr\/wp-content\/uploads\/villa_kore_1975_dis_alan_29.jpg 1800w\" alt=\"\" width=\"1800\" height=\"1200\"  \/><span class=\"gallery-rollover\"><\/span><\/a><\/figure><\/div><div data-post-id=\"802\" data-date=\"2020-05-21T14:28:10+00:00\" data-name=\"villa_kore_1975_dis_alan_16\"><figure class=\"post\"><a href=\"https:\/\/www.villakore.com.tr\/wp-content\/uploads\/villa_kore_1975_dis_alan_16.jpg\" class=\"rollover dt-pswp-item layzr-bg\" data-large_image_width=\"1800\" data-large_image_height=\"1200\" data-dt-img-description=\"\" title=\"villa_kore_1975_dis_alan_16\"><img class=\"preload-me owl-lazy-load\" src=\"data:image\/svg+xml,%3Csvg%20xmlns%3D&#39;http%3A%2F%2Fwww.w3.org%2F2000%2Fsvg&#39;%20viewBox%3D&#39;0%200%201800%201200&#39;%2F%3E\" data-src=\"https:\/\/www.villakore.com.tr\/wp-content\/uploads\/villa_kore_1975_dis_alan_16.jpg\" data-srcset=\"https:\/\/www.villakore.com.tr\/wp-content\/uploads\/villa_kore_1975_dis_alan_16.jpg 1800w\" alt=\"\" width=\"1800\" height=\"1200\"  \/><span class=\"gallery-rollover\"><\/span><\/a><\/figure><\/div><div data-post-id=\"803\" data-date=\"2020-05-21T14:28:13+00:00\" data-name=\"villa_kore_1975_dis_alan_22\"><figure class=\"post\"><a href=\"https:\/\/www.villakore.com.tr\/wp-content\/uploads\/villa_kore_1975_dis_alan_22.jpg\" class=\"rollover dt-pswp-item layzr-bg\" data-large_image_width=\"1800\" data-large_image_height=\"1200\" data-dt-img-description=\"\" title=\"villa_kore_1975_dis_alan_22\"><img class=\"preload-me owl-lazy-load\" src=\"data:image\/svg+xml,%3Csvg%20xmlns%3D&#39;http%3A%2F%2Fwww.w3.org%2F2000%2Fsvg&#39;%20viewBox%3D&#39;0%200%201800%201200&#39;%2F%3E\" data-src=\"https:\/\/www.villakore.com.tr\/wp-content\/uploads\/villa_kore_1975_dis_alan_22.jpg\" data-srcset=\"https:\/\/www.villakore.com.tr\/wp-content\/uploads\/villa_kore_1975_dis_alan_22.jpg 1800w\" alt=\"\" width=\"1800\" height=\"1200\"  \/><span class=\"gallery-rollover\"><\/span><\/a><\/figure><\/div><div data-post-id=\"804\" data-date=\"2020-05-21T14:28:17+00:00\" data-name=\"slow_dis_alan_32\"><figure class=\"post\"><a href=\"https:\/\/www.villakore.com.tr\/wp-content\/uploads\/slow_dis_alan_32.jpg\" class=\"rollover dt-pswp-item layzr-bg\" data-large_image_width=\"1800\" data-large_image_height=\"1200\" data-dt-img-description=\"\" title=\"slow_dis_alan_32\"><img class=\"preload-me owl-lazy-load\" src=\"data:image\/svg+xml,%3Csvg%20xmlns%3D&#39;http%3A%2F%2Fwww.w3.org%2F2000%2Fsvg&#39;%20viewBox%3D&#39;0%200%201800%201200&#39;%2F%3E\" data-src=\"https:\/\/www.villakore.com.tr\/wp-content\/uploads\/slow_dis_alan_32.jpg\" data-srcset=\"https:\/\/www.villakore.com.tr\/wp-content\/uploads\/slow_dis_alan_32.jpg 1800w\" alt=\"\" width=\"1800\" height=\"1200\"  \/><span class=\"gallery-rollover\"><\/span><\/a><\/figure><\/div><div data-post-id=\"805\" data-date=\"2020-05-21T14:28:21+00:00\" data-name=\"slow_dis_alan_21\"><figure class=\"post\"><a href=\"https:\/\/www.villakore.com.tr\/wp-content\/uploads\/slow_dis_alan_21.jpg\" class=\"rollover dt-pswp-item layzr-bg\" data-large_image_width=\"1800\" data-large_image_height=\"1200\" data-dt-img-description=\"\" title=\"slow_dis_alan_21\"><img class=\"preload-me owl-lazy-load\" src=\"data:image\/svg+xml,%3Csvg%20xmlns%3D&#39;http%3A%2F%2Fwww.w3.org%2F2000%2Fsvg&#39;%20viewBox%3D&#39;0%200%201800%201200&#39;%2F%3E\" data-src=\"https:\/\/www.villakore.com.tr\/wp-content\/uploads\/slow_dis_alan_21.jpg\" data-srcset=\"https:\/\/www.villakore.com.tr\/wp-content\/uploads\/slow_dis_alan_21.jpg 1800w\" alt=\"\" width=\"1800\" height=\"1200\"  \/><span class=\"gallery-rollover\"><\/span><\/a><\/figure><\/div><div data-post-id=\"806\" data-date=\"2020-05-21T14:28:25+00:00\" data-name=\"slow_dis_alan_12\"><figure class=\"post\"><a href=\"https:\/\/www.villakore.com.tr\/wp-content\/uploads\/slow_dis_alan_12.jpg\" class=\"rollover dt-pswp-item layzr-bg\" data-large_image_width=\"1799\" data-large_image_height=\"1200\" data-dt-img-description=\"\" title=\"slow_dis_alan_12\"><img class=\"preload-me owl-lazy-load\" src=\"data:image\/svg+xml,%3Csvg%20xmlns%3D&#39;http%3A%2F%2Fwww.w3.org%2F2000%2Fsvg&#39;%20viewBox%3D&#39;0%200%201799%201200&#39;%2F%3E\" data-src=\"https:\/\/www.villakore.com.tr\/wp-content\/uploads\/slow_dis_alan_12.jpg\" data-srcset=\"https:\/\/www.villakore.com.tr\/wp-content\/uploads\/slow_dis_alan_12.jpg 1799w\" alt=\"\" width=\"1799\" height=\"1200\"  \/><span class=\"gallery-rollover\"><\/span><\/a><\/figure><\/div><div data-post-id=\"810\" data-date=\"2020-05-21T14:28:37+00:00\" data-name=\"villa_kore_1975_dis_alan_10\"><figure class=\"post\"><a href=\"https:\/\/www.villakore.com.tr\/wp-content\/uploads\/villa_kore_1975_dis_alan_10.jpg\" class=\"rollover dt-pswp-item layzr-bg\" data-large_image_width=\"2516\" data-large_image_height=\"1200\" data-dt-img-description=\"\" title=\"villa_kore_1975_dis_alan_10\"><img class=\"preload-me owl-lazy-load\" src=\"data:image\/svg+xml,%3Csvg%20xmlns%3D&#39;http%3A%2F%2Fwww.w3.org%2F2000%2Fsvg&#39;%20viewBox%3D&#39;0%200%202516%201200&#39;%2F%3E\" data-src=\"https:\/\/www.villakore.com.tr\/wp-content\/uploads\/villa_kore_1975_dis_alan_10.jpg\" data-srcset=\"https:\/\/www.villakore.com.tr\/wp-content\/uploads\/villa_kore_1975_dis_alan_10.jpg 2516w\" alt=\"\" width=\"2516\" height=\"1200\"  \/><span class=\"gallery-rollover\"><\/span><\/a><\/figure><\/div><div data-post-id=\"811\" data-date=\"2020-05-21T14:28:41+00:00\" data-name=\"villa_kore_1975_dis_alan_09\"><figure class=\"post\"><a href=\"https:\/\/www.villakore.com.tr\/wp-content\/uploads\/villa_kore_1975_dis_alan_09.jpg\" class=\"rollover dt-pswp-item layzr-bg\" data-large_image_width=\"2134\" data-large_image_height=\"1200\" data-dt-img-description=\"\" title=\"villa_kore_1975_dis_alan_09\"><img class=\"preload-me owl-lazy-load\" src=\"data:image\/svg+xml,%3Csvg%20xmlns%3D&#39;http%3A%2F%2Fwww.w3.org%2F2000%2Fsvg&#39;%20viewBox%3D&#39;0%200%202134%201200&#39;%2F%3E\" data-src=\"https:\/\/www.villakore.com.tr\/wp-content\/uploads\/villa_kore_1975_dis_alan_09.jpg\" data-srcset=\"https:\/\/www.villakore.com.tr\/wp-content\/uploads\/villa_kore_1975_dis_alan_09.jpg 2134w\" alt=\"\" width=\"2134\" height=\"1200\"  \/><span class=\"gallery-rollover\"><\/span><\/a><\/figure><\/div><\/div>[\/vc_column][\/vc_row][vc_row el_class=&#8221;yukari-cekx&#8221;][vc_column css=&#8221;.vc_custom_1588672285399{padding-top: 0px !important;background-color: #ffffff !important;}&#8221; el_class=&#8221;ix&#8221;][vc_row_inner equal_height=&#8221;yes&#8221; content_placement=&#8221;middle&#8221; css=&#8221;.vc_custom_1588672395003{padding-top: 40px !important;padding-right: 40px !important;padding-bottom: 40px !important;padding-left: 40px !important;}&#8221;][vc_column_inner width=&#8221;3\/4&#8243;]<div id=\"ultimate-heading-34996a07dac9cbf0a\" class=\"uvc-heading ult-adjust-bottom-margin ultimate-heading-34996a07dac9cbf0a uvc-8408  uvc-heading-default-font-sizes\" data-hspacer=\"no_spacer\"  data-halign=\"left\" style=\"text-align:left\"><div class=\"uvc-heading-spacer no_spacer\" style=\"top\"><\/div><div class=\"uvc-sub-heading ult-responsive\"  data-ultimate-target='.uvc-heading.ultimate-heading-34996a07dac9cbf0a .uvc-sub-heading '  data-responsive-json-new='{\"font-size\":\"desktop:17px;\",\"line-height\":\"desktop:31px;\"}'  style=\"font-family:&#039;Montserrat&#039;;font-weight:500;color:#2d2f3e;\">Villa Kore konuklar\u0131 \u00f6zel bir plaj ve iki y\u00fczme havuzu ayr\u0131cal\u0131\u011f\u0131na sahiptirler. G\u00fcn\u00fcn\u00fcz\u00fc temiz, sakin ve sessiz bir k\u00f6\u015fede ge\u00e7irirken zengin yiyecek ve i\u00e7ecek men\u00fcs\u00fcn\u00fcn keyfini \u00e7\u0131karabilirsiniz.<\/div><\/div>[\/vc_column_inner][vc_column_inner width=&#8221;1\/4&#8243;]<div class=\"ult-spacer spacer-6a07dac9cbf48\" data-id=\"6a07dac9cbf48\" data-height=\"0\" data-height-mobile=\"15\" data-height-tab=\"0\" data-height-tab-portrait=\"0\" data-height-mobile-landscape=\"15\" style=\"clear:both;display:block;\"><\/div><style type=\"text\/css\" data-type=\"the7_shortcodes-inline-css\">#default-btn-927031688c801424ec76b316c0a8d994 {\n  border-radius: 1px;\n  font-size: 19px;\n  line-height: 21px;\n}\n.btn-shadow#default-btn-927031688c801424ec76b316c0a8d994 {\n  box-shadow: 0 1px 6px rgba(0,0,0,0.12);\n  transition: box-shadow 0.2s ease-out, opacity 0.45s;\n}\n.btn-shadow#default-btn-927031688c801424ec76b316c0a8d994:hover {\n  box-shadow: 0 5px 11px 0 rgba(0,0,0,0.18), 0 4px 15px 0 rgba(0,0,0,0.15);\n}\n.btn-flat#default-btn-927031688c801424ec76b316c0a8d994 {\n  box-shadow: none;\n}\n.btn-flat#default-btn-927031688c801424ec76b316c0a8d994:hover {\n  box-shadow: none;\n}\n#default-btn-927031688c801424ec76b316c0a8d994.ico-right-side > i {\n  margin-right: 0px;\n  margin-left: 8px;\n}\n#default-btn-927031688c801424ec76b316c0a8d994 > i {\n  margin-right: 8px;\n  font-size: 12px;\n}\n#default-btn-927031688c801424ec76b316c0a8d994:not(:hover) {\n  border-width: 0px;\n  padding: 20px 30px 20px 30px;\n}\n#default-btn-927031688c801424ec76b316c0a8d994:hover {\n  border-width: 0px;\n  padding: 20px 30px 20px 30px;\n}\n#default-btn-927031688c801424ec76b316c0a8d994.ico-right-side > i {\n  margin-right: 0px;\n  margin-left: 8px;\n}\n#default-btn-927031688c801424ec76b316c0a8d994 > i {\n  margin-right: 8px;\n}\n#default-btn-927031688c801424ec76b316c0a8d994 * {\n  vertical-align: middle;\n}\n<\/style><div class=\"btn-align-center\"><a href=\"#\" class=\"default-btn-shortcode dt-btn link-hover-off booknow-btn-oda header-elements-button-1 full-width-btn btn-flat \" id=\"default-btn-927031688c801424ec76b316c0a8d994\"><span>Online Rezervasyon<\/span><\/a><\/div>[\/vc_column_inner][\/vc_row_inner][\/vc_column][\/vc_row][vc_row][vc_column][vc_empty_space height=&#8221;45px&#8221;][\/vc_column][\/vc_row]<\/p>\n<p><\/p>","protected":false},"excerpt":{"rendered":"<p>[vc_row][vc_column][\/vc_column][\/vc_row][vc_row el_class=&#8221;yukari-cekx&#8221;][vc_column css=&#8221;.vc_custom_1588672285399{padding-top: 0px !important;background-color: #ffffff !important;}&#8221; el_class=&#8221;ix&#8221;][vc_row_inner equal_height=&#8221;yes&#8221; content_placement=&#8221;middle&#8221; css=&#8221;.vc_custom_1588672395003{padding-top: 40px !important;padding-right: 40px !important;padding-bottom: 40px !important;padding-left: 40px !important;}&#8221;][vc_column_inner width=&#8221;3\/4&#8243;][\/vc_column_inner][vc_column_inner width=&#8221;1\/4&#8243;][\/vc_column_inner][\/vc_row_inner][\/vc_column][\/vc_row][vc_row][vc_column][vc_empty_space height=&#8221;45px&#8221;][\/vc_column][\/vc_row]<\/p>\n","protected":false},"author":1,"featured_media":0,"parent":0,"menu_order":0,"comment_status":"closed","ping_status":"closed","template":"","meta":[],"_links":{"self":[{"href":"https:\/\/www.villakore.com.tr\/tr\/wp-json\/wp\/v2\/pages\/14"}],"collection":[{"href":"https:\/\/www.villakore.com.tr\/tr\/wp-json\/wp\/v2\/pages"}],"about":[{"href":"https:\/\/www.villakore.com.tr\/tr\/wp-json\/wp\/v2\/types\/page"}],"author":[{"embeddable":true,"href":"https:\/\/www.villakore.com.tr\/tr\/wp-json\/wp\/v2\/users\/1"}],"replies":[{"embeddable":true,"href":"https:\/\/www.villakore.com.tr\/tr\/wp-json\/wp\/v2\/comments?post=14"}],"version-history":[{"count":15,"href":"https:\/\/www.villakore.com.tr\/tr\/wp-json\/wp\/v2\/pages\/14\/revisions"}],"predecessor-version":[{"id":965,"href":"https:\/\/www.villakore.com.tr\/tr\/wp-json\/wp\/v2\/pages\/14\/revisions\/965"}],"wp:attachment":[{"href":"https:\/\/www.villakore.com.tr\/tr\/wp-json\/wp\/v2\/media?parent=14"}],"curies":[{"name":"wp","href":"https:\/\/api.w.org\/{rel}","templated":true}]}}