{"id":18,"date":"2020-04-17T16:56:05","date_gmt":"2020-04-17T13:56:05","guid":{"rendered":"https:\/\/www.villakore.com.tr\/?page_id=18"},"modified":"2020-05-20T23:26:40","modified_gmt":"2020-05-20T20:26:40","slug":"events","status":"publish","type":"page","link":"https:\/\/www.villakore.com.tr\/tr\/events\/","title":{"rendered":"Etkinlikler"},"content":{"rendered":"<p>[vc_row][vc_column]<style type=\"text\/css\" data-type=\"the7_shortcodes-inline-css\">.gallery-carousel-shortcode.gallery-carousel-shortcode-id-d50eee620813b625a057f30073eed689 .owl-nav a {\n  width: 60px;\n  height: 60px;\n  border-radius: 0px;\n}\n.dt-arrow-border-on.gallery-carousel-shortcode.gallery-carousel-shortcode-id-d50eee620813b625a057f30073eed689 .owl-nav a:not(:hover):before {\n  border-width: 0px;\n}\n.dt-arrow-hover-border-on.gallery-carousel-shortcode.gallery-carousel-shortcode-id-d50eee620813b625a057f30073eed689 .owl-nav a:hover:after {\n  border-width: 0px;\n}\n.arrows-bg-on.gallery-carousel-shortcode.gallery-carousel-shortcode-id-d50eee620813b625a057f30073eed689 .owl-nav a:before {\n  background: #ffffff;\n  box-shadow: none;\n}\n.arrows-hover-bg-on.gallery-carousel-shortcode.gallery-carousel-shortcode-id-d50eee620813b625a057f30073eed689 .owl-nav a:after {\n  background: #ffffff;\n  box-shadow: none;\n}\n.gallery-carousel-shortcode.gallery-carousel-shortcode-id-d50eee620813b625a057f30073eed689 .owl-nav a.owl-prev {\n  top: 50%;\n  transform: translateY(calc(-50% + 0px));\n  left: 50px;\n}\n@media all and (-ms-high-contrast: none) {\n  .gallery-carousel-shortcode.gallery-carousel-shortcode-id-d50eee620813b625a057f30073eed689 .owl-nav a.owl-prev {\n    transform: translateY(-50%);\n    margin-top: 0px;\n  }\n}\n.gallery-carousel-shortcode.gallery-carousel-shortcode-id-d50eee620813b625a057f30073eed689 .owl-nav a.owl-prev i {\n  padding: 0px 0px 0px 0px;\n}\n.gallery-carousel-shortcode.gallery-carousel-shortcode-id-d50eee620813b625a057f30073eed689 .owl-nav a.owl-next {\n  top: 50%;\n  transform: translateY(calc(-50% + 0px));\n  right: 50px;\n}\n@media all and (-ms-high-contrast: none) {\n  .gallery-carousel-shortcode.gallery-carousel-shortcode-id-d50eee620813b625a057f30073eed689 .owl-nav a.owl-next {\n    transform: translateY(-50%);\n    margin-top: 0px;\n  }\n}\n.gallery-carousel-shortcode.gallery-carousel-shortcode-id-d50eee620813b625a057f30073eed689 .owl-nav a.owl-next i {\n  padding: 0px 0px 0px 0px;\n}\n.gallery-carousel-shortcode.gallery-carousel-shortcode-id-d50eee620813b625a057f30073eed689 .owl-nav i {\n  font-size: 40px;\n}\n.gallery-carousel-shortcode.gallery-carousel-shortcode-id-d50eee620813b625a057f30073eed689 .owl-nav a:not(:hover) i,\n.gallery-carousel-shortcode.gallery-carousel-shortcode-id-d50eee620813b625a057f30073eed689 .owl-nav a:not(:hover) i:before {\n  color: #ffb922;\n  background: none;\n}\n.gallery-carousel-shortcode.gallery-carousel-shortcode-id-d50eee620813b625a057f30073eed689 .owl-nav a:hover i,\n.gallery-carousel-shortcode.gallery-carousel-shortcode-id-d50eee620813b625a057f30073eed689 .owl-nav a:hover i:before {\n  color: #ffb922;\n  background: none;\n}\n.gallery-carousel-shortcode.gallery-carousel-shortcode-id-d50eee620813b625a057f30073eed689 .owl-dots {\n  top: calc(100% + 20px);\n  left: 50%;\n  transform: translateX(calc(-50% + 0px));\n}\n@media all and (-ms-high-contrast: none) {\n  .gallery-carousel-shortcode.gallery-carousel-shortcode-id-d50eee620813b625a057f30073eed689 .owl-dots {\n    transform: translateX(-50%);\n    margin-left: 0px;\n  }\n}\n.gallery-carousel-shortcode.gallery-carousel-shortcode-id-d50eee620813b625a057f30073eed689 .owl-dot {\n  width: 10px;\n  height: 10px;\n  margin: 0 8px;\n}\n@media screen and (max-width: 778px) {\n  .gallery-carousel-shortcode.gallery-carousel-shortcode-id-d50eee620813b625a057f30073eed689.hide-arrows .owl-nav a {\n    display: none;\n  }\n}\n@media screen and (max-width: 778px) {\n  .gallery-carousel-shortcode.gallery-carousel-shortcode-id-d50eee620813b625a057f30073eed689.reposition-arrows .owl-nav .owl-prev {\n    top: 50%;\n    transform: translateY(calc(-50% + 0px));\n    left: 10px;\n  }\n  .gallery-carousel-shortcode.gallery-carousel-shortcode-id-d50eee620813b625a057f30073eed689.reposition-arrows .owl-nav .owl-next {\n    top: 50%;\n    transform: translateY(calc(-50% + 0px));\n    right: 10px;\n  }\n}\n@media screen and (max-width: 778px) and all and (-ms-high-contrast: none) {\n  .gallery-carousel-shortcode.gallery-carousel-shortcode-id-d50eee620813b625a057f30073eed689.reposition-arrows .owl-nav .owl-prev {\n    transform: translateY(-50%);\n    margin-top: 0px;\n  }\n}\n@media screen and (max-width: 778px) and all and (-ms-high-contrast: none) {\n  .gallery-carousel-shortcode.gallery-carousel-shortcode-id-d50eee620813b625a057f30073eed689.reposition-arrows .owl-nav .owl-next {\n    transform: translateY(-50%);\n    margin-top: 0px;\n  }\n}\n.gallery-carousel-shortcode.gallery-carousel-shortcode-id-d50eee620813b625a057f30073eed689 figure,\n.gallery-carousel-shortcode.gallery-carousel-shortcode-id-d50eee620813b625a057f30073eed689 .rollover,\n.gallery-carousel-shortcode.gallery-carousel-shortcode-id-d50eee620813b625a057f30073eed689 img,\n.gallery-carousel-shortcode.gallery-carousel-shortcode-id-d50eee620813b625a057f30073eed689 .gallery-rollover {\n  border-radius: 0px;\n}\n.gallery-carousel-shortcode.gallery-carousel-shortcode-id-d50eee620813b625a057f30073eed689.enable-bg-rollover .gallery-rollover {\n  background: ;\n  background: -webkit-linear-gradient();\n  background: linear-gradient();\n}\n.gallery-carousel-shortcode.gallery-carousel-shortcode-id-d50eee620813b625a057f30073eed689.enable-img-shadow figure {\n  box-shadow: ;\n}\n.gallery-carousel-shortcode.gallery-carousel-shortcode-id-d50eee620813b625a057f30073eed689.enable-img-shadow .owl-stage-outer {\n  padding: 14px 0;\n}\n.gallery-carousel-shortcode.gallery-carousel-shortcode-id-d50eee620813b625a057f30073eed689.enable-bg-rollover.hover-scale figure .rollover:after {\n  background: ;\n  background: -webkit-linear-gradient();\n  background: linear-gradient();\n}\n.gallery-carousel-shortcode.gallery-carousel-shortcode-id-d50eee620813b625a057f30073eed689.gallery-shortcode .gallery-zoom-ico {\n  width: 44px;\n  height: 44px;\n  line-height: 44px;\n  border-radius: 100px;\n  margin: -22px 0 0 -22px;\n  border-width: 0px;\n}\n.dt-icon-bg-on.gallery-carousel-shortcode.gallery-carousel-shortcode-id-d50eee620813b625a057f30073eed689.gallery-shortcode .gallery-zoom-ico {\n  background: rgba(255,255,255,0.3);\n  box-shadow: none;\n}\n.gallery-carousel-shortcode.gallery-carousel-shortcode-id-d50eee620813b625a057f30073eed689.gallery-shortcode .gallery-zoom-ico:before,\n.gallery-carousel-shortcode.gallery-carousel-shortcode-id-d50eee620813b625a057f30073eed689.gallery-shortcode .gallery-zoom-ico span {\n  font-size: 32px;\n  line-height: 44px;\n  color: #ffffff;\n  background: none;\n}\n<\/style><div class=\"owl-carousel gallery-carousel-shortcode gallery-shortcode  dt-gallery-container dt-owl-carousel-call gallery-carousel-shortcode-id-d50eee620813b625a057f30073eed689 meta-info-off bullets-small-dot-stroke reposition-arrows dt-icon-bg-off arrows-bg-on disable-arrows-hover-bg arrows-hover-bg-on  hover-fade \" data-scroll-mode=\"1\" data-col-num=\"1\" data-wide-col-num=\"1\" data-laptop-col=\"1\" data-h-tablet-columns-num=\"1\" data-v-tablet-columns-num=\"1\" data-phone-columns-num=\"1\" data-col-gap=\"10\" data-stage-padding=\"0\" data-speed=\"600\" data-autoplay=\"false\" data-autoplay_speed=\"6000\" data-arrows=\"true\" data-bullet=\"false\" data-next-icon=\"fas fa-chevron-right\" data-prev-icon=\"fas fa-chevron-left\" data-img-shadow-size=\"12px\" data-img-shadow-spread=\"3px\"><div data-post-id=\"345\" data-date=\"2020-05-09T15:27:16+00:00\" data-name=\"villa-kore-05-restaurantimg04\"><figure class=\"post\"><a href=\"https:\/\/www.villakore.com.tr\/wp-content\/uploads\/villa-kore-05-restaurantimg04.png\" class=\"rollover dt-pswp-item layzr-bg\" data-large_image_width=\"1356\" data-large_image_height=\"904\" data-dt-img-description=\"\" title=\"villa-kore-05-restaurantimg04\"><img class=\"preload-me owl-lazy-load\" src=\"data:image\/svg+xml,%3Csvg%20xmlns%3D&#39;http%3A%2F%2Fwww.w3.org%2F2000%2Fsvg&#39;%20viewBox%3D&#39;0%200%201356%20904&#39;%2F%3E\" data-src=\"https:\/\/www.villakore.com.tr\/wp-content\/uploads\/villa-kore-05-restaurantimg04.png\" data-srcset=\"https:\/\/www.villakore.com.tr\/wp-content\/uploads\/villa-kore-05-restaurantimg04.png 1356w\" alt=\"\" width=\"1356\" height=\"904\"  \/><span class=\"gallery-rollover\"><\/span><\/a><\/figure><\/div><div data-post-id=\"346\" data-date=\"2020-05-09T15:27:19+00:00\" data-name=\"villa-kore-05-restaurantimg04\"><figure class=\"post\"><a href=\"https:\/\/www.villakore.com.tr\/wp-content\/uploads\/villa-kore-05-restaurantimg04-1.png\" class=\"rollover dt-pswp-item layzr-bg\" data-large_image_width=\"1356\" data-large_image_height=\"904\" data-dt-img-description=\"\" title=\"villa-kore-05-restaurantimg04\"><img class=\"preload-me owl-lazy-load\" src=\"data:image\/svg+xml,%3Csvg%20xmlns%3D&#39;http%3A%2F%2Fwww.w3.org%2F2000%2Fsvg&#39;%20viewBox%3D&#39;0%200%201356%20904&#39;%2F%3E\" data-src=\"https:\/\/www.villakore.com.tr\/wp-content\/uploads\/villa-kore-05-restaurantimg04-1.png\" data-srcset=\"https:\/\/www.villakore.com.tr\/wp-content\/uploads\/villa-kore-05-restaurantimg04-1.png 1356w\" alt=\"\" width=\"1356\" height=\"904\"  \/><span class=\"gallery-rollover\"><\/span><\/a><\/figure><\/div><\/div>[\/vc_column][\/vc_row][vc_row el_class=&#8221;yukari-cekx&#8221;][vc_column css=&#8221;.vc_custom_1588672285399{padding-top: 0px !important;background-color: #ffffff !important;}&#8221; el_class=&#8221;ix&#8221;][vc_row_inner equal_height=&#8221;yes&#8221; content_placement=&#8221;middle&#8221; css=&#8221;.vc_custom_1588672395003{padding-top: 40px !important;padding-right: 40px !important;padding-bottom: 40px !important;padding-left: 40px !important;}&#8221;][vc_column_inner width=&#8221;3\/4&#8243;]<div id=\"ultimate-heading-59296a07e48ecdcfe\" class=\"uvc-heading ult-adjust-bottom-margin ultimate-heading-59296a07e48ecdcfe uvc-190  uvc-heading-default-font-sizes\" data-hspacer=\"no_spacer\"  data-halign=\"left\" style=\"text-align:left\"><div class=\"uvc-heading-spacer no_spacer\" style=\"top\"><\/div><div class=\"uvc-sub-heading ult-responsive\"  data-ultimate-target='.uvc-heading.ultimate-heading-59296a07e48ecdcfe .uvc-sub-heading '  data-responsive-json-new='{\"font-size\":\"desktop:17px;\",\"line-height\":\"desktop:31px;\"}'  style=\"font-family:&#039;Montserrat&#039;;font-weight:500;color:#2d2f3e;\">Villa Kore&#8217;de \u00f6zel g\u00fcnlerinizde, d\u00fc\u011f\u00fcnlerinizde ve di\u011fer etkinliklerinizde sizleri a\u011f\u0131rlamak i\u00e7in sab\u0131rs\u0131zlan\u0131yoruz. Daha fazla bilgi i\u00e7in l\u00fctfen bizimle ileti\u015fime ge\u00e7in.<\/div><\/div>[\/vc_column_inner][vc_column_inner width=&#8221;1\/4&#8243;]<div class=\"ult-spacer spacer-6a07e48ecdd33\" data-id=\"6a07e48ecdd33\" data-height=\"0\" data-height-mobile=\"15\" data-height-tab=\"0\" data-height-tab-portrait=\"0\" data-height-mobile-landscape=\"15\" style=\"clear:both;display:block;\"><\/div><style type=\"text\/css\" data-type=\"the7_shortcodes-inline-css\">#default-btn-927031688c801424ec76b316c0a8d994 {\n  border-radius: 1px;\n  font-size: 19px;\n  line-height: 21px;\n}\n.btn-shadow#default-btn-927031688c801424ec76b316c0a8d994 {\n  box-shadow: 0 1px 6px rgba(0,0,0,0.12);\n  transition: box-shadow 0.2s ease-out, opacity 0.45s;\n}\n.btn-shadow#default-btn-927031688c801424ec76b316c0a8d994:hover {\n  box-shadow: 0 5px 11px 0 rgba(0,0,0,0.18), 0 4px 15px 0 rgba(0,0,0,0.15);\n}\n.btn-flat#default-btn-927031688c801424ec76b316c0a8d994 {\n  box-shadow: none;\n}\n.btn-flat#default-btn-927031688c801424ec76b316c0a8d994:hover {\n  box-shadow: none;\n}\n#default-btn-927031688c801424ec76b316c0a8d994.ico-right-side > i {\n  margin-right: 0px;\n  margin-left: 8px;\n}\n#default-btn-927031688c801424ec76b316c0a8d994 > i {\n  margin-right: 8px;\n  font-size: 12px;\n}\n#default-btn-927031688c801424ec76b316c0a8d994:not(:hover) {\n  border-width: 0px;\n  padding: 20px 30px 20px 30px;\n}\n#default-btn-927031688c801424ec76b316c0a8d994:hover {\n  border-width: 0px;\n  padding: 20px 30px 20px 30px;\n}\n#default-btn-927031688c801424ec76b316c0a8d994.ico-right-side > i {\n  margin-right: 0px;\n  margin-left: 8px;\n}\n#default-btn-927031688c801424ec76b316c0a8d994 > i {\n  margin-right: 8px;\n}\n#default-btn-927031688c801424ec76b316c0a8d994 * {\n  vertical-align: middle;\n}\n<\/style><div class=\"btn-align-center\"><a href=\"#\" class=\"default-btn-shortcode dt-btn link-hover-off booknow-btn-oda header-elements-button-1 full-width-btn btn-flat \" id=\"default-btn-927031688c801424ec76b316c0a8d994\"><span>Online Rezervasyon<\/span><\/a><\/div>[\/vc_column_inner][\/vc_row_inner][\/vc_column][\/vc_row][vc_row][vc_column][vc_empty_space height=&#8221;45px&#8221;][\/vc_column][\/vc_row]<\/p>","protected":false},"excerpt":{"rendered":"<p>[vc_row][vc_column][\/vc_column][\/vc_row][vc_row el_class=&#8221;yukari-cekx&#8221;][vc_column css=&#8221;.vc_custom_1588672285399{padding-top: 0px !important;background-color: #ffffff !important;}&#8221; el_class=&#8221;ix&#8221;][vc_row_inner equal_height=&#8221;yes&#8221; content_placement=&#8221;middle&#8221; css=&#8221;.vc_custom_1588672395003{padding-top: 40px !important;padding-right: 40px !important;padding-bottom: 40px !important;padding-left: 40px !important;}&#8221;][vc_column_inner width=&#8221;3\/4&#8243;][\/vc_column_inner][vc_column_inner width=&#8221;1\/4&#8243;][\/vc_column_inner][\/vc_row_inner][\/vc_column][\/vc_row][vc_row][vc_column][vc_empty_space height=&#8221;45px&#8221;][\/vc_column][\/vc_row]<\/p>\n","protected":false},"author":1,"featured_media":0,"parent":0,"menu_order":0,"comment_status":"closed","ping_status":"closed","template":"","meta":[],"_links":{"self":[{"href":"https:\/\/www.villakore.com.tr\/tr\/wp-json\/wp\/v2\/pages\/18"}],"collection":[{"href":"https:\/\/www.villakore.com.tr\/tr\/wp-json\/wp\/v2\/pages"}],"about":[{"href":"https:\/\/www.villakore.com.tr\/tr\/wp-json\/wp\/v2\/types\/page"}],"author":[{"embeddable":true,"href":"https:\/\/www.villakore.com.tr\/tr\/wp-json\/wp\/v2\/users\/1"}],"replies":[{"embeddable":true,"href":"https:\/\/www.villakore.com.tr\/tr\/wp-json\/wp\/v2\/comments?post=18"}],"version-history":[{"count":6,"href":"https:\/\/www.villakore.com.tr\/tr\/wp-json\/wp\/v2\/pages\/18\/revisions"}],"predecessor-version":[{"id":641,"href":"https:\/\/www.villakore.com.tr\/tr\/wp-json\/wp\/v2\/pages\/18\/revisions\/641"}],"wp:attachment":[{"href":"https:\/\/www.villakore.com.tr\/tr\/wp-json\/wp\/v2\/media?parent=18"}],"curies":[{"name":"wp","href":"https:\/\/api.w.org\/{rel}","templated":true}]}}