{"id":20,"date":"2020-04-17T16:56:23","date_gmt":"2020-04-17T13:56:23","guid":{"rendered":"https:\/\/www.villakore.com.tr\/?page_id=20"},"modified":"2020-07-09T11:53:35","modified_gmt":"2020-07-09T08:53:35","slug":"our-story","status":"publish","type":"page","link":"https:\/\/www.villakore.com.tr\/tr\/our-story\/","title":{"rendered":"Hikayemiz"},"content":{"rendered":"<p>[vc_row][vc_column][vc_single_image image=&#8221;348&#8243; img_size=&#8221;full&#8221; alignment=&#8221;center&#8221; css=&#8221;.vc_custom_1589459020944{margin: 0px !important;padding: 0px !important;border: 0px initial !important;}&#8221;][\/vc_column][\/vc_row][vc_row css=&#8221;.vc_custom_1589459803237{margin-bottom: 55px !important;padding-top: 72px !important;padding-right: 72px !important;padding-bottom: 72px !important;padding-left: 72px !important;background-color: #ffffff !important;}&#8221; el_class=&#8221;our-story1&#8243;][vc_column css=&#8221;.vc_custom_1589459347129{margin-top: 0px !important;border-top-width: 0px !important;padding-top: 0px !important;}&#8221;][vc_column_text css=&#8221;.vc_custom_1594284690950{margin-top: 0px !important;margin-right: 0px !important;margin-bottom: 0px !important;margin-left: 0px !important;padding-top: 0px !important;padding-right: 0px !important;padding-bottom: 0px !important;padding-left: 0px !important;}&#8221;]Villa Kore, k\u0131rk y\u0131ldan fazla bir s\u00fcre \u00f6nce Y\u0131ld\u0131zburnu \u00c7e\u015fme\u2019deki arazinin babam\u0131z Hasan Erten\u00fc ile day\u0131m\u0131z Ferda Kahraman aras\u0131ndaki g\u00fc\u00e7l\u00fc dostluk ve ortakl\u0131\u011f\u0131n sembol\u00fc olarak sat\u0131n al\u0131nmas\u0131yla do\u011fdu.[\/vc_column_text][vc_empty_space height=&#8221;65px&#8221;][vc_row_inner content_placement=&#8221;middle&#8221;][vc_column_inner width=&#8221;1\/4&#8243;][vc_single_image image=&#8221;350&#8243; img_size=&#8221;full&#8221; alignment=&#8221;center&#8221; css=&#8221;.vc_custom_1589459109818{margin-top: 0px !important;margin-right: 0px !important;margin-bottom: 0px !important;margin-left: 0px !important;padding-top: 0px !important;padding-right: 0px !important;padding-bottom: 0px !important;padding-left: 0px !important;}&#8221;]<div class=\"ult-spacer spacer-6a07e5c8d5b00\" data-id=\"6a07e5c8d5b00\" data-height=\"0\" data-height-mobile=\"65\" data-height-tab=\"0\" data-height-tab-portrait=\"45\" data-height-mobile-landscape=\"65\" style=\"clear:both;display:block;\"><\/div>[\/vc_column_inner][vc_column_inner width=&#8221;3\/4&#8243;][vc_column_text css=&#8221;.vc_custom_1594284699146{margin-top: 0px !important;margin-right: 0px !important;margin-bottom: 0px !important;margin-left: 0px !important;padding-top: 0px !important;padding-right: 0px !important;padding-bottom: 0px !important;padding-left: 0px !important;}&#8221;]Hasan ve Ferda Ege t\u00fct\u00fcn\u00fcn\u00fc G\u00fcney Kore\u2019ye ihra\u00e7 ediyorlard\u0131. T\u00fcrkiye bu vesileyle ilk defa G\u00fcney Kore\u2019yle ticaret yapt\u0131, akabinde evin arazisi de ortak al\u0131nm\u0131\u015f oldu. Villa Kore ismi yine kendileri taraf\u0131ndan konuldu ve seneler sonra otomatikman otelimizin de ismi oldu.[\/vc_column_text][\/vc_column_inner][\/vc_row_inner][vc_empty_space height=&#8221;65px&#8221;][vc_column_text css=&#8221;.vc_custom_1594284708428{margin-top: 0px !important;margin-right: 0px !important;margin-bottom: 0px !important;margin-left: 0px !important;padding-top: 0px !important;padding-right: 0px !important;padding-bottom: 0px !important;padding-left: 0px !important;}&#8221;]\u0130lk evimiz 1975 y\u0131l\u0131nda d\u00f6nemin sayg\u0131n mimar\u0131 Sadi Tugay taraf\u0131ndan yap\u0131lm\u0131\u015ft\u0131r. Yal\u0131 binas\u0131, sahilden sadece iki metre uzakl\u0131kta ve yaz mevsiminde iki k\u0131z ve bir erkek karde\u015f, e\u015fleri, \u00e7ocuklar\u0131, b\u00fcy\u00fckanne, dede ve torunlar\u0131 bar\u0131nd\u0131racak kadar b\u00fcy\u00fckt\u00fc.[\/vc_column_text][vc_empty_space height=&#8221;65px&#8221;][vc_column_text css=&#8221;.vc_custom_1594284716381{margin-top: 0px !important;margin-right: 0px !important;margin-bottom: 0px !important;margin-left: 0px !important;padding-top: 0px !important;padding-right: 0px !important;padding-bottom: 0px !important;padding-left: 0px !important;}&#8221;]2015 y\u0131l\u0131nda orijinal aile evini son defa yeniledik. Bu, evin 1975\u2019ten beri \u00fc\u00e7\u00fcnc\u00fc renovasyonuydu. O y\u0131l plaj\u0131 da bah\u00e7eye dahil ettik ve arka b\u00f6l\u00fcmdeki 41 tane zeytin a\u011fac\u0131m\u0131z\u0131 Ala\u00e7at\u0131\u2019daki ba\u015fka bir bah\u00e7emize ta\u015f\u0131d\u0131k. O alana yeni ve modern bir bina daha in\u015fa ettik. \u015eimdi otelimiz iki binadan olu\u015fuyor. Bu b\u00fcy\u00fck operasyon en b\u00fcy\u00fck torun Onur Co\u015fkun taraf\u0131ndan ger\u00e7ekle\u015ftirildi.[\/vc_column_text][vc_empty_space height=&#8221;65px&#8221;][vc_single_image image=&#8221;351&#8243; img_size=&#8221;full&#8221; css=&#8221;.vc_custom_1589459712098{margin-top: 0px !important;margin-right: 0px !important;margin-bottom: 0px !important;margin-left: 0px !important;padding-top: 0px !important;padding-right: 0px !important;padding-bottom: 0px !important;padding-left: 0px !important;}&#8221;][vc_empty_space height=&#8221;65px&#8221;][vc_column_text css=&#8221;.vc_custom_1594284729308{margin-top: 0px !important;margin-right: 0px !important;margin-bottom: 0px !important;margin-left: 0px !important;padding-top: 0px !important;padding-right: 0px !important;padding-bottom: 0px !important;padding-left: 0px !important;}&#8221;]Villa Kore k\u0131rk y\u0131l\u0131 a\u015fk\u0131n bir s\u00fcredir ac\u0131s\u0131yla tatl\u0131s\u0131yla ailemizin bir\u00e7ok an\u0131s\u0131na \u015fahit oldu. Bu ya\u015fayan efsaneyi sizlerin hizmetinize a\u00e7arken yan\u0131m\u0131zda olan dostlar\u0131m\u0131za, \u00e7al\u0131\u015fanlar\u0131m\u0131za hatta bah\u00e7emizdeki kedilerimiz dahil herkese te\u015fekk\u00fcr ediyoruz &#x1f642; Ama en \u00f6nemlisi, siz de\u011ferli misafirlerimize Villa Kore\u2019ye g\u00f6sterdi\u011finiz ilgiden dolay\u0131 te\u015fekk\u00fcr ediyoruz ve daha uzun y\u0131llar size hizmet etmeyi umuyoruz.<\/p>\n<p>Sevgilerimizle[\/vc_column_text][vc_empty_space height=&#8221;65px&#8221;][vc_row_inner][vc_column_inner width=&#8221;1\/2&#8243;][vc_single_image image=&#8221;353&#8243; img_size=&#8221;full&#8221; alignment=&#8221;center&#8221; css=&#8221;.vc_custom_1589459220112{margin-top: 0px !important;margin-right: 0px !important;margin-bottom: 0px !important;margin-left: 0px !important;padding-top: 0px !important;padding-right: 0px !important;padding-bottom: 0px !important;padding-left: 0px !important;}&#8221;]<div class=\"ult-spacer spacer-6a07e5c8d5b12\" data-id=\"6a07e5c8d5b12\" data-height=\"0\" data-height-mobile=\"35\" data-height-tab=\"0\" data-height-tab-portrait=\"35\" data-height-mobile-landscape=\"35\" style=\"clear:both;display:block;\"><\/div>[\/vc_column_inner][vc_column_inner width=&#8221;1\/2&#8243;][vc_single_image image=&#8221;354&#8243; img_size=&#8221;full&#8221; alignment=&#8221;center&#8221; css=&#8221;.vc_custom_1589459228682{margin-top: 0px !important;margin-right: 0px !important;margin-bottom: 0px !important;margin-left: 0px !important;padding-top: 0px !important;padding-right: 0px !important;padding-bottom: 0px !important;padding-left: 0px !important;}&#8221;][\/vc_column_inner][\/vc_row_inner][\/vc_column][\/vc_row]<\/p>","protected":false},"excerpt":{"rendered":"<p>[vc_row][vc_column][vc_single_image image=&#8221;348&#8243; img_size=&#8221;full&#8221; alignment=&#8221;center&#8221; css=&#8221;.vc_custom_1589459020944{margin: 0px !important;padding: 0px !important;border: 0px initial !important;}&#8221;][\/vc_column][\/vc_row][vc_row css=&#8221;.vc_custom_1589459803237{margin-bottom: 55px !important;padding-top: 72px !important;padding-right: 72px !important;padding-bottom: 72px !important;padding-left: 72px !important;background-color: #ffffff !important;}&#8221; el_class=&#8221;our-story1&#8243;][vc_column css=&#8221;.vc_custom_1589459347129{margin-top: 0px !important;border-top-width: 0px !important;padding-top: 0px !important;}&#8221;][vc_column_text css=&#8221;.vc_custom_1594284690950{margin-top: 0px !important;margin-right: 0px !important;margin-bottom: 0px !important;margin-left: 0px !important;padding-top: 0px !important;padding-right: 0px !important;padding-bottom: 0px !important;padding-left: 0px !important;}&#8221;]Villa Kore, k\u0131rk y\u0131ldan fazla bir&hellip;<\/p>\n","protected":false},"author":1,"featured_media":0,"parent":0,"menu_order":0,"comment_status":"closed","ping_status":"closed","template":"","meta":[],"_links":{"self":[{"href":"https:\/\/www.villakore.com.tr\/tr\/wp-json\/wp\/v2\/pages\/20"}],"collection":[{"href":"https:\/\/www.villakore.com.tr\/tr\/wp-json\/wp\/v2\/pages"}],"about":[{"href":"https:\/\/www.villakore.com.tr\/tr\/wp-json\/wp\/v2\/types\/page"}],"author":[{"embeddable":true,"href":"https:\/\/www.villakore.com.tr\/tr\/wp-json\/wp\/v2\/users\/1"}],"replies":[{"embeddable":true,"href":"https:\/\/www.villakore.com.tr\/tr\/wp-json\/wp\/v2\/comments?post=20"}],"version-history":[{"count":28,"href":"https:\/\/www.villakore.com.tr\/tr\/wp-json\/wp\/v2\/pages\/20\/revisions"}],"predecessor-version":[{"id":960,"href":"https:\/\/www.villakore.com.tr\/tr\/wp-json\/wp\/v2\/pages\/20\/revisions\/960"}],"wp:attachment":[{"href":"https:\/\/www.villakore.com.tr\/tr\/wp-json\/wp\/v2\/media?parent=20"}],"curies":[{"name":"wp","href":"https:\/\/api.w.org\/{rel}","templated":true}]}}